{"id":10231,"date":"2022-04-15T11:21:55","date_gmt":"2022-04-15T10:21:55","guid":{"rendered":"http:\/\/chloevollmerlo.net\/photo\/?page_id=10231"},"modified":"2022-04-19T09:24:36","modified_gmt":"2022-04-19T08:24:36","slug":"contact-test","status":"publish","type":"page","link":"http:\/\/chloevollmerlo.net\/photo\/contact-test\/","title":{"rendered":"Contact test"},"content":{"rendered":"\n<div class=\"wp-block-contact-form-7-contact-form-selector\">\n<div class=\"wpcf7 no-js\" id=\"wpcf7-f18-o1\" lang=\"fr-FR\" dir=\"ltr\" data-wpcf7-id=\"18\">\n<div class=\"screen-reader-response\"><p role=\"status\" aria-live=\"polite\" aria-atomic=\"true\"><\/p> <ul><\/ul><\/div>\n<form action=\"\/photo\/wp-json\/wp\/v2\/pages\/10231#wpcf7-f18-o1\" method=\"post\" class=\"wpcf7-form init\" aria-label=\"Formulaire de contact\" novalidate=\"novalidate\" data-status=\"init\">\n<fieldset class=\"hidden-fields-container\"><input type=\"hidden\" name=\"_wpcf7\" value=\"18\" \/><input type=\"hidden\" name=\"_wpcf7_version\" value=\"6.1.5\" \/><input type=\"hidden\" name=\"_wpcf7_locale\" value=\"fr_FR\" \/><input type=\"hidden\" name=\"_wpcf7_unit_tag\" value=\"wpcf7-f18-o1\" \/><input type=\"hidden\" name=\"_wpcf7_container_post\" value=\"0\" \/><input type=\"hidden\" name=\"_wpcf7_posted_data_hash\" value=\"\" \/><input type=\"hidden\" name=\"_wpcf7_recaptcha_response\" value=\"\" \/>\n<\/fieldset>\n<p>Chouette chouette, un mariage ! N'h\u00e9sitez pas \u00e0 me donner le maximum d'infos possibles, \u00e0 papoter et \u00e0 me raconter un peu qui vous \u00eates. J'aime en savoir le plus possible sur les mari\u00e9s qui me contactent, et sur la mani\u00e8re dont ils envisagent le grand jour. Histoire que cette premi\u00e8re prise de contact soit d\u00e9j\u00e0 \u00e0 elle seule une rencontre \ud83d\ude42\n<\/p>\n<p>Comment vous appelez-vous ?<br \/>\n<span class=\"wpcf7-form-control-wrap\" data-name=\"your-name\"><input size=\"30\" maxlength=\"100\" class=\"wpcf7-form-control wpcf7-text wpcf7-validates-as-required\" aria-required=\"true\" aria-invalid=\"false\" value=\"\" type=\"text\" name=\"your-name\" \/><\/span><br \/>\nQuel est votre e-mail ?<br \/>\n<span class=\"wpcf7-form-control-wrap\" data-name=\"your-email\"><input size=\"40\" maxlength=\"400\" class=\"wpcf7-form-control wpcf7-email wpcf7-validates-as-required wpcf7-text wpcf7-validates-as-email\" aria-required=\"true\" aria-invalid=\"false\" value=\"\" type=\"email\" name=\"your-email\" \/><\/span><br \/>\nO\u00f9 est-ce que je peux vous t\u00e9l\u00e9phoner ?<br \/>\n<span class=\"wpcf7-form-control-wrap\" data-name=\"tel-14\"><input size=\"40\" maxlength=\"400\" class=\"wpcf7-form-control wpcf7-tel wpcf7-validates-as-required wpcf7-text wpcf7-validates-as-tel\" aria-required=\"true\" aria-invalid=\"false\" value=\"\" type=\"tel\" name=\"tel-14\" \/><\/span><br \/>\nQuand vous mariez-vous ?<br \/>\n<span class=\"wpcf7-form-control-wrap\" data-name=\"quand-mariage\"><input size=\"40\" maxlength=\"400\" class=\"wpcf7-form-control wpcf7-text wpcf7-validates-as-required\" aria-required=\"true\" aria-invalid=\"false\" value=\"01\/01\/2023\" type=\"text\" name=\"quand-mariage\" \/><\/span><br \/>\nCombien y aura-t-il de convives ?<br \/>\n<span class=\"wpcf7-form-control-wrap\" data-name=\"nombre-invites\"><input class=\"wpcf7-form-control wpcf7-number wpcf7-validates-as-required wpcf7-validates-as-number\" min=\"2\" max=\"500\" aria-required=\"true\" aria-invalid=\"false\" value=\"100\" type=\"number\" name=\"nombre-invites\" \/><\/span><br \/>\nO\u00f9 vous mariez-vous ?<br \/>\n<span class=\"wpcf7-form-control-wrap\" data-name=\"lieu\"><input size=\"40\" maxlength=\"400\" class=\"wpcf7-form-control wpcf7-text wpcf7-validates-as-required\" aria-required=\"true\" aria-invalid=\"false\" value=\"\" type=\"text\" name=\"lieu\" \/><\/span>\n<\/p>\n<p>Comment avez-vous connu mon travail ?<br \/>\n<span class=\"wpcf7-form-control-wrap\" data-name=\"bouche-a-oreille\"><textarea cols=\"40\" rows=\"10\" maxlength=\"2000\" class=\"wpcf7-form-control wpcf7-textarea wpcf7-validates-as-required\" aria-required=\"true\" aria-invalid=\"false\" name=\"bouche-a-oreille\"><\/textarea><\/span>\n<\/p>\n<p>Qu'est-ce qui vous a plu dans mes reportages de mariage ?<br \/>\n<span class=\"wpcf7-form-control-wrap\" data-name=\"esthetique\"><textarea cols=\"40\" rows=\"10\" maxlength=\"2000\" class=\"wpcf7-form-control wpcf7-textarea wpcf7-validates-as-required\" aria-required=\"true\" aria-invalid=\"false\" name=\"esthetique\"><\/textarea><\/span>\n<\/p>\n<p>Parlez-moi de vous deux, plut\u00f4t ! \ud83d\ude42<br \/>\n<span class=\"wpcf7-form-control-wrap\" data-name=\"vousdeux\"><textarea cols=\"40\" rows=\"10\" maxlength=\"2000\" class=\"wpcf7-form-control wpcf7-textarea wpcf7-validates-as-required\" aria-required=\"true\" aria-invalid=\"false\" name=\"vousdeux\"><\/textarea><\/span>\n<\/p>\n<p>Comment imaginez-vous votre D-day ? (planning, c\u00e9r\u00e9monie(s), ambiance, d\u00e9coration, etc)<br \/>\n<span class=\"wpcf7-form-control-wrap\" data-name=\"message\"><textarea cols=\"40\" rows=\"10\" maxlength=\"2000\" class=\"wpcf7-form-control wpcf7-textarea wpcf7-validates-as-required\" aria-required=\"true\" aria-invalid=\"false\" name=\"message\"><\/textarea><\/span>\n<\/p>\n<p>N'h\u00e9sitez pas \u00e0 partager avec moi votre Pinterest, liens vers vos inspirations, envies, tenues, reportages pr\u00e9f\u00e9r\u00e9s ou que sais-je !\n<\/p>\n<p><span class=\"wpcf7-form-control-wrap\" data-name=\"Inspiration\"><textarea cols=\"40\" rows=\"10\" maxlength=\"2000\" class=\"wpcf7-form-control wpcf7-textarea\" aria-invalid=\"false\" name=\"Inspiration\"><\/textarea><\/span>\n<\/p>\n<p><input class=\"wpcf7-form-control wpcf7-submit has-spinner\" type=\"submit\" value=\"Hop !\" \/>\n<\/p><div class=\"wpcf7-response-output\" aria-hidden=\"true\"><\/div>\n<\/form>\n<\/div>\n<\/div>\n\n\n\n<div style=\"height:42px\" aria-hidden=\"true\" class=\"wp-block-spacer\"><\/div>\n\n\n\n<p>Je traverse actuellement un bug avec les formulaires de contact, pour toute demande vous pouvez m&rsquo;\u00e9crire \u00e0 chloe.vollmer.lo (at) gmail.com avec un maximum d&rsquo;informations. Merci d&rsquo;avance !<\/p>\n\n\n\n<p>I&rsquo;m currently experiencing a bug with my contact forms. Feel free to reach me at chloe.vollmer.lo (at) gmail.com with as much info as possible. Thanks a lot !<\/p>\n","protected":false},"excerpt":{"rendered":"<p>Je traverse actuellement un bug avec les formulaires de contact, pour toute demande vous pouvez m&rsquo;\u00e9crire \u00e0 chloe.vollmer.lo (at) gmail.com avec un maximum d&rsquo;informations. Merci d&rsquo;avance ! I&rsquo;m currently experiencing a bug with my contact forms. Feel free to reach me at chloe.vollmer.lo (at) gmail.com with as much info as possible. Thanks a lot !<\/p>\n","protected":false},"author":1,"featured_media":0,"parent":0,"menu_order":0,"comment_status":"closed","ping_status":"closed","template":"","meta":{"footnotes":""},"class_list":["post-10231","page","type-page","status-publish","hentry"],"jetpack_sharing_enabled":true,"jetpack_shortlink":"https:\/\/wp.me\/P7mO0O-2F1","_links":{"self":[{"href":"http:\/\/chloevollmerlo.net\/photo\/wp-json\/wp\/v2\/pages\/10231","targetHints":{"allow":["GET"]}}],"collection":[{"href":"http:\/\/chloevollmerlo.net\/photo\/wp-json\/wp\/v2\/pages"}],"about":[{"href":"http:\/\/chloevollmerlo.net\/photo\/wp-json\/wp\/v2\/types\/page"}],"author":[{"embeddable":true,"href":"http:\/\/chloevollmerlo.net\/photo\/wp-json\/wp\/v2\/users\/1"}],"replies":[{"embeddable":true,"href":"http:\/\/chloevollmerlo.net\/photo\/wp-json\/wp\/v2\/comments?post=10231"}],"version-history":[{"count":3,"href":"http:\/\/chloevollmerlo.net\/photo\/wp-json\/wp\/v2\/pages\/10231\/revisions"}],"predecessor-version":[{"id":10236,"href":"http:\/\/chloevollmerlo.net\/photo\/wp-json\/wp\/v2\/pages\/10231\/revisions\/10236"}],"wp:attachment":[{"href":"http:\/\/chloevollmerlo.net\/photo\/wp-json\/wp\/v2\/media?parent=10231"}],"curies":[{"name":"wp","href":"https:\/\/api.w.org\/{rel}","templated":true}]}}