{"id":2482,"date":"2016-07-02T12:11:38","date_gmt":"2016-07-02T11:11:38","guid":{"rendered":"http:\/\/chloevollmerlo.net\/photo\/?page_id=2482"},"modified":"2016-11-29T16:17:54","modified_gmt":"2016-11-29T15:17:54","slug":"appel-assistanat-serie-photo-souvenirs-de-paris","status":"publish","type":"page","link":"http:\/\/chloevollmerlo.net\/photo\/appel-assistanat-serie-photo-souvenirs-de-paris\/","title":{"rendered":"Appel \u00e0 assistant\u2022e\u2022s &#8211; S\u00e9rie photo  : Souvenirs de Paris"},"content":{"rendered":"<p><span style=\"color: #ff0000;\">\/!\\ La prochaine session de prise de vue aura lieu au printemps, il est donc possible que vous ne receviez pas de nouvelles de votre candidature avant mars.<\/span><\/p>\n<p><strong>Si Paris est une ville d&rsquo;Histoire, avec un grand H, elle est aussi la somme d&rsquo;histoires individuelles cumul\u00e9es. Croisement d&rsquo;anonymes aux trag\u00e9dies et joies ineffables, chaque centim\u00e8tre carr\u00e9 de la capitale a un jour \u00e9t\u00e9 le th\u00e9\u00e2tre d&rsquo;\u00e9motions puissantes. Nous passons chaque jour devant des murs qui ne nous disent rien, nous ne leur accordons pas un regard, et pourtant, pour une personne au moins, ce lieu sera porteur d&rsquo;un souvenir fort.<\/strong><\/p>\n<p>Cette s\u00e9rie de photos entend cartographier Paris sous l&rsquo;angle de ces souvenirs d&rsquo;inconnus. <span style=\"color: #ff0000;\"><strong>Vous pouvez voir <a style=\"color: #ff0000;\" href=\"http:\/\/chloevollmerlo.net\/photo\/perso\/souvenirs-de-paris\/\" target=\"_blank\">les premi\u00e8res images du projet ici<\/a>.<\/strong><\/span><\/p>\n<p><strong>Je cherche des personnes int\u00e9ress\u00e9es pour m&rsquo;assister lors de ces prises de vue<\/strong>. Celles-ci se d\u00e9roulent au flash cobra, en lumi\u00e8re du jour, j&rsquo;ai donc besoin d&rsquo;assistant\u2022e\u2022s pour s\u00e9curiser le mat\u00e9riel et le manipuler.<\/p>\n<p><em>Souvenirs de Paris<\/em> \u00e9tant un projet personnel enti\u00e8rement autofinanc\u00e9, je ne peux malheureusement pas proposer de r\u00e9tribution. En revanche, <strong>j&rsquo;envisage l&rsquo;assistanat dans une d\u00e9marche d&rsquo;\u00e9change : je peux donc vous former au passage sur l&rsquo;utilisation du flash cobra<\/strong> (notamment comme flash d\u00e9port\u00e9, et dans son \u00e9quilibre avec la lumi\u00e8re ambiante).<\/p>\n<h6 style=\"text-align: center;\"><\/h6>\n<p><strong>Les conditions \u00e0 remplir :<\/strong><\/p>\n<ul>\n<li><strong>\u00catre disponible au moins une journ\u00e9e \u00e0 Paris pour les mois d&rsquo;octobre et novembre (d\u00e9but de journ\u00e9e entre 10h et 13h30, fin entre 18h et 20h).<\/strong><\/li>\n<li><strong>Avoir des bases techniques en photographie est pr\u00e9f\u00e9rable<\/strong> (ISO, ouverture, vitesse, focale, profondeur de champ&#8230;) pour vous, histoire que vous ayez assez de bagage pour comprendre les explications sur le flash cobra.<\/li>\n<li><strong>D\u00e9fraiement pr\u00e9vu :\u00a0<\/strong>d\u00e9jeuner \u00e0 ma charge si les prises de vue commencent avant 13h30.<\/li>\n<\/ul>\n<p><span style=\"color: #262e8c;\"><strong>[ Je cherche \u00e9galement des participant\u2022e\u2022s pour cette s\u00e9rie. Si \u00e7a vous int\u00e9resse, <a style=\"color: #262e8c;\" href=\"http:\/\/chloevollmerlo.net\/photo\/appel-a-participants-nouvelle-serie-photo-souvenirs-de-paris\/\">rendez-vous ici<\/a> !<\/strong> ]<\/span><\/p>\n<p><strong>Pour participer, remplissez le formulaire et je vous r\u00e9pondrai au plus vite :<\/strong><\/p>\n\n<div class=\"wpcf7 no-js\" id=\"wpcf7-f2477-o1\" lang=\"fr-FR\" dir=\"ltr\" data-wpcf7-id=\"2477\">\n<div class=\"screen-reader-response\"><p role=\"status\" aria-live=\"polite\" aria-atomic=\"true\"><\/p> <ul><\/ul><\/div>\n<form action=\"\/photo\/wp-json\/wp\/v2\/pages\/2482#wpcf7-f2477-o1\" method=\"post\" class=\"wpcf7-form init\" aria-label=\"Formulaire de contact\" novalidate=\"novalidate\" data-status=\"init\">\n<fieldset class=\"hidden-fields-container\"><input type=\"hidden\" name=\"_wpcf7\" value=\"2477\" \/><input type=\"hidden\" name=\"_wpcf7_version\" value=\"6.1.5\" \/><input type=\"hidden\" name=\"_wpcf7_locale\" value=\"fr_FR\" \/><input type=\"hidden\" name=\"_wpcf7_unit_tag\" value=\"wpcf7-f2477-o1\" \/><input type=\"hidden\" name=\"_wpcf7_container_post\" value=\"0\" \/><input type=\"hidden\" name=\"_wpcf7_posted_data_hash\" value=\"\" \/><input type=\"hidden\" name=\"_wpcf7_recaptcha_response\" value=\"\" \/>\n<\/fieldset>\n<p>Vos noms & pr\u00e9noms<br \/>\n<span class=\"wpcf7-form-control-wrap\" data-name=\"your-name\"><input size=\"30\" maxlength=\"100\" class=\"wpcf7-form-control wpcf7-text wpcf7-validates-as-required\" aria-required=\"true\" aria-invalid=\"false\" value=\"\" type=\"text\" name=\"your-name\" \/><\/span><br \/>\nVotre e-mail<br \/>\n<span class=\"wpcf7-form-control-wrap\" data-name=\"your-email\"><input size=\"40\" maxlength=\"400\" class=\"wpcf7-form-control wpcf7-email wpcf7-validates-as-required wpcf7-text wpcf7-validates-as-email\" aria-required=\"true\" aria-invalid=\"false\" value=\"\" type=\"email\" name=\"your-email\" \/><\/span><br \/>\nVotre num\u00e9ro de t\u00e9l\u00e9phone<br \/>\n<span class=\"wpcf7-form-control-wrap\" data-name=\"tel-14\"><input size=\"40\" maxlength=\"400\" class=\"wpcf7-form-control wpcf7-tel wpcf7-validates-as-required wpcf7-text wpcf7-validates-as-tel\" aria-required=\"true\" aria-invalid=\"false\" value=\"\" type=\"tel\" name=\"tel-14\" \/><\/span><br \/>\nVotre site web si vous en avez un<br \/>\n<span class=\"wpcf7-form-control-wrap\" data-name=\"url-686\"><input size=\"40\" maxlength=\"400\" class=\"wpcf7-form-control wpcf7-url wpcf7-text wpcf7-validates-as-url\" aria-invalid=\"false\" value=\"\" type=\"url\" name=\"url-686\" \/><\/span>\n<\/p>\n<p>Votre exp\u00e9rience de la photo et pourquoi vous vous proposez comme assistant\u2022e<br \/>\n<span class=\"wpcf7-form-control-wrap\" data-name=\"message\"><textarea cols=\"40\" rows=\"10\" maxlength=\"2000\" class=\"wpcf7-form-control wpcf7-textarea wpcf7-validates-as-required\" aria-required=\"true\" aria-invalid=\"false\" name=\"message\"><\/textarea><\/span>\n<\/p>\n<p>Une bonne ruse anti-robots :<br \/>\n\n<\/p>\n<p><input class=\"wpcf7-form-control wpcf7-submit has-spinner\" type=\"submit\" value=\"Hop !\" \/>\n<\/p><div class=\"wpcf7-response-output\" aria-hidden=\"true\"><\/div>\n<\/form>\n<\/div>\n\n","protected":false},"excerpt":{"rendered":"<p>\/!\\ La prochaine session de prise de vue aura lieu au printemps, il est donc possible que vous ne receviez pas de nouvelles de votre candidature avant mars. Si Paris est une ville d&rsquo;Histoire, avec un grand H, elle est aussi la somme d&rsquo;histoires individuelles cumul\u00e9es. Croisement d&rsquo;anonymes aux trag\u00e9dies et joies ineffables, chaque centim\u00e8tre [&hellip;]<\/p>\n","protected":false},"author":1,"featured_media":2447,"parent":0,"menu_order":0,"comment_status":"closed","ping_status":"closed","template":"","meta":{"footnotes":""},"class_list":["post-2482","page","type-page","status-publish","has-post-thumbnail","hentry"],"jetpack_sharing_enabled":true,"jetpack_shortlink":"https:\/\/wp.me\/P7mO0O-E2","_links":{"self":[{"href":"http:\/\/chloevollmerlo.net\/photo\/wp-json\/wp\/v2\/pages\/2482","targetHints":{"allow":["GET"]}}],"collection":[{"href":"http:\/\/chloevollmerlo.net\/photo\/wp-json\/wp\/v2\/pages"}],"about":[{"href":"http:\/\/chloevollmerlo.net\/photo\/wp-json\/wp\/v2\/types\/page"}],"author":[{"embeddable":true,"href":"http:\/\/chloevollmerlo.net\/photo\/wp-json\/wp\/v2\/users\/1"}],"replies":[{"embeddable":true,"href":"http:\/\/chloevollmerlo.net\/photo\/wp-json\/wp\/v2\/comments?post=2482"}],"version-history":[{"count":3,"href":"http:\/\/chloevollmerlo.net\/photo\/wp-json\/wp\/v2\/pages\/2482\/revisions"}],"predecessor-version":[{"id":3776,"href":"http:\/\/chloevollmerlo.net\/photo\/wp-json\/wp\/v2\/pages\/2482\/revisions\/3776"}],"wp:featuredmedia":[{"embeddable":true,"href":"http:\/\/chloevollmerlo.net\/photo\/wp-json\/wp\/v2\/media\/2447"}],"wp:attachment":[{"href":"http:\/\/chloevollmerlo.net\/photo\/wp-json\/wp\/v2\/media?parent=2482"}],"curies":[{"name":"wp","href":"https:\/\/api.w.org\/{rel}","templated":true}]}}