{"id":9522,"date":"2021-02-13T13:14:22","date_gmt":"2021-02-13T12:14:22","guid":{"rendered":"http:\/\/chloevollmerlo.net\/photo\/?page_id=9522"},"modified":"2021-03-15T19:22:14","modified_gmt":"2021-03-15T18:22:14","slug":"best-of-2020","status":"publish","type":"page","link":"http:\/\/chloevollmerlo.net\/photo\/mariage-wedding\/best-of-2020\/","title":{"rendered":"Best-of 2020"},"content":{"rendered":"\n<p style=\"text-align: center;\"><strong>Pour un visionnage optimal, merci d&rsquo;attendre le chargement complet de la page avant de l&rsquo;explorer<\/strong><\/p>\n<p style=\"text-align: center;\"><strong>\/<\/strong><\/p>\n<p style=\"text-align: center;\"><strong>For optimal experience, please wait until the page is fully loaded before scrolling<\/strong><\/p>\n<p style=\"text-align: center;\"> &nbsp; <i class=\"thb-section-block-icon icon-asterisk\" style=\"color:#d0ab30;border-color:#d0ab30;\" googl=\"true\"><\/i> <\/p>\n<p>Comme vous le savez tous, 2020 a \u00e9t\u00e9 une ann\u00e9e tr\u00e8s sp\u00e9ciale et tr\u00e8s compliqu\u00e9e pour beaucoup de monde, dont les mari\u00e9\u2022e\u2022s. La plupart d&rsquo;entre eux et elles ont eu \u00e0 reporter leur mariage. Par cons\u00e9quent, le portfolio que vous allez visionner est tr\u00e8s diff\u00e9rent de ce qu&rsquo;il aurait d\u00fb \u00eatre et comporte moins d&rsquo;images que d&rsquo;habitude. Mais je crois qu&rsquo;il est quand m\u00eame important de montrer que la joie, l&rsquo;amiti\u00e9 et l&rsquo;amour n&rsquo;ont pas disparu pendant cette pand\u00e9mie ; que les sourires se voient au-del\u00e0 des masques, et que se r\u00e9unir avec ses proches pendant cette ann\u00e9e historique aura \u00e9t\u00e9 encore plus pr\u00e9cieux qu&rsquo;\u00e0 l&rsquo;accoutum\u00e9e.<\/p>\n<p>Si vous voulez voir ce \u00e0 quoi mon travail ressemble sans coronavirus, vous pouvez consulter ces autres galeries : best-of <a href=\"http:\/\/chloevollmerlo.net\/photo\/mariage-wedding\/best-of-2019\/\">2019<\/a>, best-of <a href=\"http:\/\/chloevollmerlo.net\/photo\/mariage-wedding\/best-of-2018\/\">2018<\/a>, best-of <a href=\"http:\/\/chloevollmerlo.net\/photo\/mariage-wedding\/best-of-2017\/\">2017<\/a> ou les <a href=\"http:\/\/chloevollmerlo.net\/photo\/mariage-wedding\/\">mariages \u00e0 l&rsquo;honneur<\/a> (allez voir svp, \u00e7a me fera plaisir !).<\/p>\n<p>\/\/<\/p>\n<p>As you all know, 2020 has been a very special and challenging year for everybody, including brides and grooms. Most of them had to postpone their weddings.&nbsp; As a result, the portfolio you&rsquo;re about to see is very different from what it should have been and includes less photos than usual. Yet I think it&rsquo;s important to show that happiness, friendship and love didn&rsquo;t disappear during this pandemic ; that smiles can be conveyed beyond masks, and that gathering during with loved ones during this historic year was even more precious than it usually is.<\/p>\n<p>If you wish to see what my work looks like when there&rsquo;s no coronavirus, feel free to check these other galleries : best-of <a href=\"http:\/\/chloevollmerlo.net\/photo\/mariage-wedding\/best-of-2019\/\">2019<\/a>, best-of <a href=\"http:\/\/chloevollmerlo.net\/photo\/mariage-wedding\/best-of-2018\/\">2018<\/a>, best-of <a href=\"http:\/\/chloevollmerlo.net\/photo\/mariage-wedding\/best-of-2017\/\">2017<\/a> or the <a href=\"http:\/\/chloevollmerlo.net\/photo\/mariage-wedding\/\">featured weddings<\/a> (please do, that&rsquo;ll make me happy !).<\/p>\n\n\n\n<p><\/p>\n","protected":false},"excerpt":{"rendered":"<p>Pour un visionnage optimal, merci d&rsquo;attendre le chargement complet de la page avant de l&rsquo;explorer \/ For optimal experience, please wait until the page is fully loaded before scrolling &nbsp; Comme vous le savez tous, 2020 a \u00e9t\u00e9 une ann\u00e9e tr\u00e8s sp\u00e9ciale et tr\u00e8s compliqu\u00e9e pour beaucoup de monde, dont les mari\u00e9\u2022e\u2022s. La plupart d&rsquo;entre [&hellip;]<\/p>\n","protected":false},"author":1,"featured_media":9568,"parent":554,"menu_order":1,"comment_status":"closed","ping_status":"closed","template":"template-mosaic-gallery.php","meta":{"footnotes":""},"class_list":["post-9522","page","type-page","status-publish","has-post-thumbnail","hentry"],"jetpack_sharing_enabled":true,"jetpack_shortlink":"https:\/\/wp.me\/P7mO0O-2tA","_links":{"self":[{"href":"http:\/\/chloevollmerlo.net\/photo\/wp-json\/wp\/v2\/pages\/9522","targetHints":{"allow":["GET"]}}],"collection":[{"href":"http:\/\/chloevollmerlo.net\/photo\/wp-json\/wp\/v2\/pages"}],"about":[{"href":"http:\/\/chloevollmerlo.net\/photo\/wp-json\/wp\/v2\/types\/page"}],"author":[{"embeddable":true,"href":"http:\/\/chloevollmerlo.net\/photo\/wp-json\/wp\/v2\/users\/1"}],"replies":[{"embeddable":true,"href":"http:\/\/chloevollmerlo.net\/photo\/wp-json\/wp\/v2\/comments?post=9522"}],"version-history":[{"count":7,"href":"http:\/\/chloevollmerlo.net\/photo\/wp-json\/wp\/v2\/pages\/9522\/revisions"}],"predecessor-version":[{"id":9716,"href":"http:\/\/chloevollmerlo.net\/photo\/wp-json\/wp\/v2\/pages\/9522\/revisions\/9716"}],"up":[{"embeddable":true,"href":"http:\/\/chloevollmerlo.net\/photo\/wp-json\/wp\/v2\/pages\/554"}],"wp:featuredmedia":[{"embeddable":true,"href":"http:\/\/chloevollmerlo.net\/photo\/wp-json\/wp\/v2\/media\/9568"}],"wp:attachment":[{"href":"http:\/\/chloevollmerlo.net\/photo\/wp-json\/wp\/v2\/media?parent=9522"}],"curies":[{"name":"wp","href":"https:\/\/api.w.org\/{rel}","templated":true}]}}